{"id":106,"date":"2023-03-18T19:26:08","date_gmt":"2023-03-18T18:26:08","guid":{"rendered":"https:\/\/www.radiostelladj.it\/?page_id=106"},"modified":"2025-10-30T19:48:48","modified_gmt":"2025-10-30T18:48:48","slug":"la-nostra-storia","status":"publish","type":"page","link":"https:\/\/radiostelladj.com\/index.php\/la-nostra-storia\/","title":{"rendered":"La Nostra storia"},"content":{"rendered":"\n<div style=\"height:20px\" aria-hidden=\"true\" class=\"wp-block-spacer\"><\/div>\n\n\n\n<h3 class=\"wp-block-heading alignwide has-text-align-center has-background\" style=\"background-color:#f7020b;padding-top:var(--wp--preset--spacing--30);padding-right:var(--wp--preset--spacing--30);padding-bottom:var(--wp--preset--spacing--30);padding-left:var(--wp--preset--spacing--30)\"><strong>La Nostra Storia<\/strong><\/h3>\n\n\n\n<h4 class=\"wp-block-heading alignwide has-text-align-left has-white-color has-text-color\" style=\"font-size:17px\"><strong>La nostra emittente \u00e8 nata nel 1989 a Pratola Peligna in provincia dell\u2019Aquila con il nome di Radio Stella International e trasmetteva sulle frequenze di 98.00 e 100.00 MHz .<br>I soci fondatori sono Franco &amp; Giuseppe D\u2019angelo \u2013 Franco Pallottini \u2013 Giuseppe Cirillo \u2013 Luca Rosato.<br>L\u2019Emittente radiofonica nei primi giorni anche se con segnale discreto ebbe subito successo con numerosi programmi dalla dance alla musica italiana a quella anni 60-70-80 .<br>Nel mese di Agosto 1989 con l\u2019ampliamento dell\u2019assetto societario e l\u2019 entrata del nuovo socio Franco Ferretti decidemmo di trasferire l\u2019emittente a Sulmona in via delle concerie dove continuava la propria attivit\u00e0 .<br>Nel 1990 l\u2019emittente radiofonica fece un altro trasferimento da via delle concerie a viale della repubblica dove entr\u00f2 far parte di network pi\u00f9 importanti come radio dj e radio Italia.<br>il successo prosegu\u00ec fino a febbraio 1993 quando per un improvviso calo del settore pubblicitario e dello staff l\u2019emittente sub\u00ec un notevole cambiamento tra cui il ritorno al nome originario Radio Stella International. Ritornare al successo ormai era cosa difficile, noi non ci siamo persi mai di animo e con forza siamo riusciti ad riprendere quello che avevamo perso. Nell\u2019 agosto del 1993 alcuni soci hanno ceduto la propria quota societaria a Patrizio Colucci che divent\u00f2 di fatto titolare di maggioranza della radio .<br>Colucci, dopo l\u2019aquisto, decise di cambiare la denominazione della radio da Stella Dj a Radio Dimensione Abruzzo .<br>Ma questo non ebbe mai inizio perche nel mese di settembre 1993 arriv\u00f2 da parte del Ministero delle Comunicazioni l\u2019 ordinanza di oscuramento del segnale e la chiusura dell\u2019emittente . Nel corso degli anni, a seguito di tante riflessioni, ci siamo resi conto che la nostra vita \u00e8 quella di fare radio e di ridare alla propria citt\u00e0 una emittente che a suo tempo fece la storia dell\u2019emittenza locale, oggi siamo tornati per continuare quello che avevamo interrotto a suo<\/strong> tempo.<\/h4>\n\n\n\n<div style=\"height:100px\" aria-hidden=\"true\" class=\"wp-block-spacer\"><\/div>\n","protected":false},"excerpt":{"rendered":"<p>La Nostra Storia La nostra emittente \u00e8 nata nel 1989 a Pratola Peligna in provincia dell\u2019Aquila con il nome di Radio Stella International e trasmetteva sulle frequenze di 98.00 e 100.00 MHz .I soci fondatori sono Franco &amp; Giuseppe D\u2019angelo \u2013 Franco Pallottini \u2013 Giuseppe Cirillo \u2013 Luca Rosato.L\u2019Emittente radiofonica nei primi giorni anche se [&hellip;]<\/p>\n","protected":false},"author":1,"featured_media":4462,"parent":0,"menu_order":0,"comment_status":"closed","ping_status":"closed","template":"blank","meta":{"wei_accentColor":"is-primary-accent","footnotes":""},"class_list":["post-106","page","type-page","status-publish","has-post-thumbnail","hentry","is-primary-accent"],"jetpack-related-posts":[],"jetpack_sharing_enabled":true,"_links":{"self":[{"href":"https:\/\/radiostelladj.com\/index.php\/wp-json\/wp\/v2\/pages\/106","targetHints":{"allow":["GET"]}}],"collection":[{"href":"https:\/\/radiostelladj.com\/index.php\/wp-json\/wp\/v2\/pages"}],"about":[{"href":"https:\/\/radiostelladj.com\/index.php\/wp-json\/wp\/v2\/types\/page"}],"author":[{"embeddable":true,"href":"https:\/\/radiostelladj.com\/index.php\/wp-json\/wp\/v2\/users\/1"}],"replies":[{"embeddable":true,"href":"https:\/\/radiostelladj.com\/index.php\/wp-json\/wp\/v2\/comments?post=106"}],"version-history":[{"count":48,"href":"https:\/\/radiostelladj.com\/index.php\/wp-json\/wp\/v2\/pages\/106\/revisions"}],"predecessor-version":[{"id":4467,"href":"https:\/\/radiostelladj.com\/index.php\/wp-json\/wp\/v2\/pages\/106\/revisions\/4467"}],"wp:featuredmedia":[{"embeddable":true,"href":"https:\/\/radiostelladj.com\/index.php\/wp-json\/wp\/v2\/media\/4462"}],"wp:attachment":[{"href":"https:\/\/radiostelladj.com\/index.php\/wp-json\/wp\/v2\/media?parent=106"}],"curies":[{"name":"wp","href":"https:\/\/api.w.org\/{rel}","templated":true}]}}